{"id":704,"date":"2021-01-19T10:18:50","date_gmt":"2021-01-19T10:18:50","guid":{"rendered":"https:\/\/www.doit-platinium.com\/?page_id=704"},"modified":"2024-09-06T08:23:24","modified_gmt":"2024-09-06T08:23:24","slug":"faq","status":"publish","type":"page","link":"https:\/\/www.doit-platinium.com\/en\/faq\/","title":{"rendered":"FAQ"},"content":{"rendered":"<h2>What is clearly thought out<\/h2>\n<p>Pragmatism and direct style characterize us. Find here the simple answers to the questions frequently asked to our hyper consultants.<\/p>\n<div class=\"accordion\" id=\"accordionDoit\">\n<div class=\"card\"><div class=\"card-header\" id=\"heading1\"><button class=\"btn btn-link\" type=\"button\" data-toggle=\"collapse\" data-target=\"#collapse1\" aria-expanded=\"false\" aria-controls=\"collapse1\">What is <span lang=\"EN\">hypermanufacturing<\/span>?<\/button><\/div><div id=\"collapse1\" class=\"collapse\" aria-labelledby=\"heading1\" data-parent=\"#accordionDoit\"><div class=\"card-body\">\n<h3>You&#8217;ve probably heard of Lean beforee.<\/h3>\n<p>You&#8217;ve probably heard of Lean before.<\/p>\n<p>The principle:<\/p>\n<ul>\n<li>Muda &#8211; reduce non-value (waste, 7 wastes, unnecessary stains&#8230;)<\/li>\n<li>Muri &#8211; reduce excesses (unnecessary stocks)<\/li>\n<li>Mura &#8211; reduce irregularities (stabilizing production)<\/li>\n<\/ul>\n<p>Based on the Kaisen &#8211; Continuous improvement, we improve step by step.<\/p>\n<p>We measure by setting up KPI (key performance indicators) &#8211; in principle no more than 6. and increasingly complex methods of improvement at each stage of digestion by organizations:<\/p>\n<p>5S, value stream mapping, problem solving\u00a0\u00a0 (A3 report, Ishikawa&#8230;) &#8230;<\/p>\n<h3>The important thing is to highlight the problems in order to be able to solve them.<\/h3>\n<p>The important thing is to highlight the problems in order to be able to solve them.<\/p>\n<p>It is very important to put in place a very good visual management that allows to visualize the problems where they are and to have management on the ground (Gemba) so that the management accompanies the teams in small daily improvements and ensure the necessary responsiveness.<\/p>\n<p>Initially focused on production, we find these principles today in administrative tasks and in development (engineering and computer science).<\/p>\n<p>We are seeing more and more of the use of the agile method with these weekly sprints that allow continuous improvement thanks to simple and fast stain loops that are tackt by the week.<\/p>\n<p>l est tr\u00e8s important de mettre en place un tr\u00e8s bon management visuel qui permet de visualiser les probl\u00e8mes l\u00e0 o\u00f9 ils se trouvent.<\/p>\n<h3>So what does hypermanufacturing bring into all of this?<\/h3>\n<p>And well the institutionalization of 3 concepts that take into account the technological but above all societal evolution that everyone must have in mind when organizing structures for the improvement of our modern societies:<\/p>\n<h4>Hyperfugality<\/h4>\n<p>we see our planet changing and our resources are drying up. Our organizations must take into account today when designing the reduction of the resources necessary for development, production, but also the operation and repairability of components.<\/p>\n<h4>Hyper-activism<\/h4>\n<p>The impact of the Covid crisis demonstrates, we need to adapt quickly and make decisions close to the ground while empowering all levels of the organization &#8211; we need to change the organization to stick to the news and the field and make everyone a proactive and up-to-date actor on their environment to react in conscience.<\/p>\n<h4>\u00a0Hyperconnectivity<\/h4>\n<p>Our universe is now digital: connected objects (IOT), cloud, big data are all concepts that are upsetting the economic world with technological and commercial breakthroughs, which change all strata of the economy.<\/p>\n<p>&nbsp;<\/p>\n<p><\/div><\/div><\/div><br \/>\n<div class=\"card\"><div class=\"card-header\" id=\"heading2\"><button class=\"btn btn-link\" type=\"button\" data-toggle=\"collapse\" data-target=\"#collapse2\" aria-expanded=\"false\" aria-controls=\"collapse2\">Why Do iT?<\/button><\/div><div id=\"collapse2\" class=\"collapse\" aria-labelledby=\"heading2\" data-parent=\"#accordionDoit\"><div class=\"card-body\"><\/p>\n<h3>If you are a customer:<\/h3>\n<p>For real quality, humanity and operational support that will really help you create value over the medium and long term. \u00a0\u00a0Whether in advising, coaching or staffing.<\/p>\n<p>We are an operational staff who fully understand your needs, with us no \u00a0bullshit, no(t) (much) \u00a0powerpoint \u00a0but concrete actions and results !!!<\/p>\n<p>&nbsp;<\/p>\n<ul>\n<li>contact@doit-platinium.fr<\/li>\n<\/ul>\n<p>&nbsp;<\/p>\n<h3>If you are a candidate:<\/h3>\n<p>There&#8217;s no hierarchical structure in our house, no fuss, but respect and empowerment!<\/p>\n<p>And yes at Do iT you have the right to make mistakes and wages &amp;benefit conditions are nice.<\/p>\n<p>In addition the rather visionary staff is of (different) characters but human and close to the terrain and your problems.<\/p>\n<p>Basically if you&#8217;re tired of the shackles and institutions of service institutions do not hesitate, come share our adventure.<\/p>\n<ul>\n<li>candidate@doit-platinium.fr<\/li>\n<\/ul>\n<p><\/div><\/div><\/div><br \/>\n<div class=\"card\"><div class=\"card-header\" id=\"heading3\"><button class=\"btn btn-link\" type=\"button\" data-toggle=\"collapse\" data-target=\"#collapse3\" aria-expanded=\"false\" aria-controls=\"collapse3\"><span lang=\"EN\">In which regions are you implanted<\/span>?<\/button><\/div><div id=\"collapse3\" class=\"collapse\" aria-labelledby=\"heading3\" data-parent=\"#accordionDoit\"><div class=\"card-body\"><\/p>\n<h3>We are provincials, and started our activity in the West of France<\/h3>\n<ul>\n<li>Occitanie &#8211; Toulouse<\/li>\n<li>Grand Aquitaine &#8211; Bordeaux<\/li>\n<li>Bretagne &#8211; Rennes<\/li>\n<\/ul>\n<p>We have the will to join you quickly to \u00a0Montpellier, PACA &#8211; Marseille , \u00a0Rh\u00f4ne-Alpes-Lyon.<\/p>\n<p><\/div><\/div><\/div><br \/>\n<div class=\"card\"><div class=\"card-header\" id=\"heading4\"><button class=\"btn btn-link\" type=\"button\" data-toggle=\"collapse\" data-target=\"#collapse4\" aria-expanded=\"false\" aria-controls=\"collapse4\"><span lang=\"EN\">What p<\/span><span lang=\"EN\">rofiles a<\/span><span lang=\"EN\">re w<\/span><span lang=\"EN\">anted \/ Recruited at Do iT<\/span>?<\/button><\/div><div id=\"collapse4\" class=\"collapse\" aria-labelledby=\"heading4\" data-parent=\"#accordionDoit\"><div class=\"card-body\"><\/p>\n<h3>At Do iT we are not , Woman or Man equity has no color for us.<\/h3>\n<p>So beyond the Engineers and other great graduates that we welcome with pleasure, ICG and COMPUTER developers are welcome as are technicians and operational specialists with some experience or not.<\/p>\n<p>With us no hard workers or brownnoses, politics remains at the door.<\/p>\n<p>The important thing is to have a good shape brain and to respect our 4 values:<\/p>\n<ul>\n<li>Intelligence<\/li>\n<li>Integrity<\/li>\n<li>Innovation<\/li>\n<li>Intensity<\/li>\n<\/ul>\n<h3>The\u00a0Do iT\u00a0MOJO: Re<strong>alize your goal!<\/strong><\/h3>\n<p>So if it is self-explanatory for you, don&#8217;t hesitate and contact us.<\/p>\n<ul>\n<li>candidate@doit-platinium.com<\/li>\n<\/ul>\n<p><\/div><\/div><\/div><br \/>\n<div class=\"card\"><div class=\"card-header\" id=\"heading5\"><button class=\"btn btn-link\" type=\"button\" data-toggle=\"collapse\" data-target=\"#collapse5\" aria-expanded=\"false\" aria-controls=\"collapse5\">What does MUDA mean?<\/button><\/div><div id=\"collapse5\" class=\"collapse\" aria-labelledby=\"heading5\" data-parent=\"#accordionDoit\"><div class=\"card-body\"><\/p>\n<p>Muda: Reduce non-value (waste, 7 wastes, unnecessary stains&#8230;)<\/p>\n<p><\/div><\/div><\/div><br \/>\n<div class=\"card\"><div class=\"card-header\" id=\"heading6\"><button class=\"btn btn-link\" type=\"button\" data-toggle=\"collapse\" data-target=\"#collapse6\" aria-expanded=\"false\" aria-controls=\"collapse6\">What does MURI mean?<\/button><\/div><div id=\"collapse6\" class=\"collapse\" aria-labelledby=\"heading6\" data-parent=\"#accordionDoit\"><div class=\"card-body\"><\/p>\n<p>Muri: Reduce excesses (unnecessary stocks)<br \/>\n<\/div><\/div><\/div><\/p>\n<div class=\"card\"><div class=\"card-header\" id=\"heading7\"><button class=\"btn btn-link\" type=\"button\" data-toggle=\"collapse\" data-target=\"#collapse7\" aria-expanded=\"false\" aria-controls=\"collapse7\">What does MURA mean ?<\/button><\/div><div id=\"collapse7\" class=\"collapse\" aria-labelledby=\"heading7\" data-parent=\"#accordionDoit\"><div class=\"card-body\"><\/p>\n<p>Mura : Reduce irregularities (stabilizing production)<\/p>\n<p><\/div><\/div><\/div>\n<\/div>\n<h2>&#8230; is clearly expressed.<\/h2>\n<p>Intrigued? You stay hungry? Any other questions?<\/p>\n<p>Do not hesitate to send us your questions directly in the contact form <a href=\"https:\/\/preprod.doit-platinium.com\/en\/contact\/\">Contact<\/a> or better: come and meet us!<\/p>\n<p>&nbsp;<\/p>\n","protected":false},"excerpt":{"rendered":"<p>What is clearly thought out Pragmatism and direct style characterize us. Find here the simple answers to the questions frequently asked to our hyper consultants. &#8230; is clearly expressed. Intrigued? You stay hungry? Any other questions? Do not hesitate to send us your questions directly in the contact form Contact or better: come and meet [&hellip;]<\/p>\n","protected":false},"author":1,"featured_media":0,"parent":0,"menu_order":0,"comment_status":"closed","ping_status":"closed","template":"","meta":{"_acf_changed":false,"footnotes":""},"categories":[],"class_list":["post-704","page","type-page","status-publish","hentry"],"acf":[],"_links":{"self":[{"href":"https:\/\/www.doit-platinium.com\/en\/wp-json\/wp\/v2\/pages\/704","targetHints":{"allow":["GET"]}}],"collection":[{"href":"https:\/\/www.doit-platinium.com\/en\/wp-json\/wp\/v2\/pages"}],"about":[{"href":"https:\/\/www.doit-platinium.com\/en\/wp-json\/wp\/v2\/types\/page"}],"author":[{"embeddable":true,"href":"https:\/\/www.doit-platinium.com\/en\/wp-json\/wp\/v2\/users\/1"}],"replies":[{"embeddable":true,"href":"https:\/\/www.doit-platinium.com\/en\/wp-json\/wp\/v2\/comments?post=704"}],"version-history":[{"count":16,"href":"https:\/\/www.doit-platinium.com\/en\/wp-json\/wp\/v2\/pages\/704\/revisions"}],"predecessor-version":[{"id":2050,"href":"https:\/\/www.doit-platinium.com\/en\/wp-json\/wp\/v2\/pages\/704\/revisions\/2050"}],"wp:attachment":[{"href":"https:\/\/www.doit-platinium.com\/en\/wp-json\/wp\/v2\/media?parent=704"}],"wp:term":[{"taxonomy":"category","embeddable":true,"href":"https:\/\/www.doit-platinium.com\/en\/wp-json\/wp\/v2\/categories?post=704"}],"curies":[{"name":"wp","href":"https:\/\/api.w.org\/{rel}","templated":true}]}}